{"id":774,"date":"2022-03-14T15:15:00","date_gmt":"2022-03-14T13:15:00","guid":{"rendered":"https:\/\/verktoypartner.no\/?page_id=774"},"modified":"2025-09-17T11:20:20","modified_gmt":"2025-09-17T09:20:20","slug":"konigstein","status":"publish","type":"page","link":"https:\/\/verktoypartner.no\/vp\/konigstein\/","title":{"rendered":"K\u00f6nigstein"},"content":{"rendered":"","protected":false},"excerpt":{"rendered":"<p>l\u00f8fteutstyr, lavtl\u00f8fter, h\u00f8ytl\u00f8fter, l\u00f8ftebukker, l\u00f8ftebord, 2-s\u00f8yler, 4-s\u00f8yler, 1-s\u00f8yler, saksel\u00f8fter, dekkomlegger,<br \/>\navbalanseringsmaskin, avbalansering, 4 hjuls kontroll, traversl\u00f8fter,<br \/>\nforstillingsapparat, batteril\u00f8fter, kj\u00f8rebanel\u00f8fter, parkeringsl\u00f8fter, hjull\u00f8fter<\/p>\n","protected":false},"author":1,"featured_media":0,"parent":0,"menu_order":0,"comment_status":"closed","ping_status":"closed","template":"","meta":{"_acf_changed":false,"footnotes":""},"class_list":["post-774","page","type-page","status-publish","hentry"],"acf":[],"_links":{"self":[{"href":"https:\/\/verktoypartner.no\/vp\/wp-json\/wp\/v2\/pages\/774","targetHints":{"allow":["GET"]}}],"collection":[{"href":"https:\/\/verktoypartner.no\/vp\/wp-json\/wp\/v2\/pages"}],"about":[{"href":"https:\/\/verktoypartner.no\/vp\/wp-json\/wp\/v2\/types\/page"}],"author":[{"embeddable":true,"href":"https:\/\/verktoypartner.no\/vp\/wp-json\/wp\/v2\/users\/1"}],"replies":[{"embeddable":true,"href":"https:\/\/verktoypartner.no\/vp\/wp-json\/wp\/v2\/comments?post=774"}],"version-history":[{"count":4,"href":"https:\/\/verktoypartner.no\/vp\/wp-json\/wp\/v2\/pages\/774\/revisions"}],"predecessor-version":[{"id":1184,"href":"https:\/\/verktoypartner.no\/vp\/wp-json\/wp\/v2\/pages\/774\/revisions\/1184"}],"wp:attachment":[{"href":"https:\/\/verktoypartner.no\/vp\/wp-json\/wp\/v2\/media?parent=774"}],"curies":[{"name":"wp","href":"https:\/\/api.w.org\/{rel}","templated":true}]}}