{"id":166,"date":"2018-03-07T15:35:02","date_gmt":"2018-03-07T15:35:02","guid":{"rendered":"http:\/\/verktoypartner.no\/vp\/?page_id=166"},"modified":"2025-09-17T10:52:08","modified_gmt":"2025-09-17T08:52:08","slug":"herkules","status":"publish","type":"page","link":"https:\/\/verktoypartner.no\/vp\/herkules\/","title":{"rendered":"Herkules"},"content":{"rendered":"","protected":false},"excerpt":{"rendered":"<p>lavtl\u00f8fter, l\u00f8fter, nedsenket, l\u00f8fteutstyr,<br \/>\nl\u00f8ftebord, saksel\u00f8fter, kombil\u00f8fter, kanall\u00f8fter<\/p>\n","protected":false},"author":1,"featured_media":0,"parent":0,"menu_order":0,"comment_status":"closed","ping_status":"closed","template":"","meta":{"_acf_changed":false,"footnotes":""},"class_list":["post-166","page","type-page","status-publish","hentry"],"acf":[],"_links":{"self":[{"href":"https:\/\/verktoypartner.no\/vp\/wp-json\/wp\/v2\/pages\/166","targetHints":{"allow":["GET"]}}],"collection":[{"href":"https:\/\/verktoypartner.no\/vp\/wp-json\/wp\/v2\/pages"}],"about":[{"href":"https:\/\/verktoypartner.no\/vp\/wp-json\/wp\/v2\/types\/page"}],"author":[{"embeddable":true,"href":"https:\/\/verktoypartner.no\/vp\/wp-json\/wp\/v2\/users\/1"}],"replies":[{"embeddable":true,"href":"https:\/\/verktoypartner.no\/vp\/wp-json\/wp\/v2\/comments?post=166"}],"version-history":[{"count":4,"href":"https:\/\/verktoypartner.no\/vp\/wp-json\/wp\/v2\/pages\/166\/revisions"}],"predecessor-version":[{"id":1181,"href":"https:\/\/verktoypartner.no\/vp\/wp-json\/wp\/v2\/pages\/166\/revisions\/1181"}],"wp:attachment":[{"href":"https:\/\/verktoypartner.no\/vp\/wp-json\/wp\/v2\/media?parent=166"}],"curies":[{"name":"wp","href":"https:\/\/api.w.org\/{rel}","templated":true}]}}