{"id":1012,"date":"2024-08-07T14:02:17","date_gmt":"2024-08-07T12:02:17","guid":{"rendered":"https:\/\/verktoypartner.no\/?page_id=1012"},"modified":"2025-09-17T11:27:34","modified_gmt":"2025-09-17T09:27:34","slug":"vespa","status":"publish","type":"page","link":"https:\/\/verktoypartner.no\/vp\/vespa\/","title":{"rendered":"Vespa"},"content":{"rendered":"","protected":false},"excerpt":{"rendered":"<p>sandbl\u00e5ser, sandbl\u00e5seanlegg, sandbl\u00e5seranlegg, bl\u00e5seanlegg,<br \/>\nsandbl\u00e5sedress, bl\u00e5sepistol<\/p>\n","protected":false},"author":1,"featured_media":0,"parent":0,"menu_order":0,"comment_status":"closed","ping_status":"closed","template":"","meta":{"_acf_changed":false,"footnotes":""},"class_list":["post-1012","page","type-page","status-publish","hentry"],"acf":[],"_links":{"self":[{"href":"https:\/\/verktoypartner.no\/vp\/wp-json\/wp\/v2\/pages\/1012","targetHints":{"allow":["GET"]}}],"collection":[{"href":"https:\/\/verktoypartner.no\/vp\/wp-json\/wp\/v2\/pages"}],"about":[{"href":"https:\/\/verktoypartner.no\/vp\/wp-json\/wp\/v2\/types\/page"}],"author":[{"embeddable":true,"href":"https:\/\/verktoypartner.no\/vp\/wp-json\/wp\/v2\/users\/1"}],"replies":[{"embeddable":true,"href":"https:\/\/verktoypartner.no\/vp\/wp-json\/wp\/v2\/comments?post=1012"}],"version-history":[{"count":2,"href":"https:\/\/verktoypartner.no\/vp\/wp-json\/wp\/v2\/pages\/1012\/revisions"}],"predecessor-version":[{"id":1179,"href":"https:\/\/verktoypartner.no\/vp\/wp-json\/wp\/v2\/pages\/1012\/revisions\/1179"}],"wp:attachment":[{"href":"https:\/\/verktoypartner.no\/vp\/wp-json\/wp\/v2\/media?parent=1012"}],"curies":[{"name":"wp","href":"https:\/\/api.w.org\/{rel}","templated":true}]}}